{"id":5669,"date":"2023-06-04T20:01:17","date_gmt":"2023-06-04T20:01:17","guid":{"rendered":"https:\/\/new.lareuyseoane.com\/?page_id=5669"},"modified":"2023-07-07T11:06:58","modified_gmt":"2023-07-07T11:06:58","slug":"politica-cookies","status":"publish","type":"page","link":"https:\/\/www.lareuyseoane.com\/gl\/politica-cookies\/","title":{"rendered":"Pol\u00edtica de Cookies"},"content":{"rendered":"<div data-elementor-type=\"wp-page\" data-elementor-id=\"5669\" class=\"elementor elementor-5669\">\n\t\t\t\t\t\t\t\t\t<section class=\"elementor-section elementor-top-section elementor-element elementor-element-0b2bcb2 elementor-section-full_width departamento elementor-section-height-default elementor-section-height-default\" data-id=\"0b2bcb2\" data-element_type=\"section\" data-settings=\"{&quot;background_background&quot;:&quot;classic&quot;}\">\n\t\t\t\t\t\t<div class=\"elementor-container elementor-column-gap-default\">\n\t\t\t\t\t<div class=\"elementor-column elementor-col-100 elementor-top-column elementor-element elementor-element-05b1996\" data-id=\"05b1996\" data-element_type=\"column\">\n\t\t\t<div class=\"elementor-widget-wrap elementor-element-populated\">\n\t\t\t\t\t\t\t\t<div class=\"elementor-element elementor-element-d062b1b elementor-widget elementor-widget-heading\" data-id=\"d062b1b\" data-element_type=\"widget\" data-widget_type=\"heading.default\">\n\t\t\t\t<div class=\"elementor-widget-container\">\n\t\t\t<style>\/*! elementor - v3.14.0 - 26-06-2023 *\/\n.elementor-heading-title{padding:0;margin:0;line-height:1}.elementor-widget-heading .elementor-heading-title[class*=elementor-size-]>a{color:inherit;font-size:inherit;line-height:inherit}.elementor-widget-heading .elementor-heading-title.elementor-size-small{font-size:15px}.elementor-widget-heading .elementor-heading-title.elementor-size-medium{font-size:19px}.elementor-widget-heading .elementor-heading-title.elementor-size-large{font-size:29px}.elementor-widget-heading .elementor-heading-title.elementor-size-xl{font-size:39px}.elementor-widget-heading .elementor-heading-title.elementor-size-xxl{font-size:59px}<\/style><h2 class=\"elementor-heading-title elementor-size-default\">Pol\u00edtica de Cookies\n<\/h2>\t\t<\/div>\n\t\t\t\t<\/div>\n\t\t\t\t\t<\/div>\n\t\t<\/div>\n\t\t\t\t\t\t\t<\/div>\n\t\t<\/section>\n\t\t\t\t<section class=\"elementor-section elementor-top-section elementor-element elementor-element-15ba9b6 elementor-section-boxed elementor-section-height-default elementor-section-height-default\" data-id=\"15ba9b6\" data-element_type=\"section\">\n\t\t\t\t\t\t<div class=\"elementor-container elementor-column-gap-default\">\n\t\t\t\t\t<div class=\"elementor-column elementor-col-100 elementor-top-column elementor-element elementor-element-15881d3\" data-id=\"15881d3\" data-element_type=\"column\">\n\t\t\t<div class=\"elementor-widget-wrap elementor-element-populated\">\n\t\t\t\t\t\t\t\t<div class=\"elementor-element elementor-element-6993793 elementor-widget elementor-widget-text-editor\" data-id=\"6993793\" data-element_type=\"widget\" data-widget_type=\"text-editor.default\">\n\t\t\t\t<div class=\"elementor-widget-container\">\n\t\t\t<style>\/*! elementor - v3.14.0 - 26-06-2023 *\/\n.elementor-widget-text-editor.elementor-drop-cap-view-stacked .elementor-drop-cap{background-color:#69727d;color:#fff}.elementor-widget-text-editor.elementor-drop-cap-view-framed .elementor-drop-cap{color:#69727d;border:3px solid;background-color:transparent}.elementor-widget-text-editor:not(.elementor-drop-cap-view-default) .elementor-drop-cap{margin-top:8px}.elementor-widget-text-editor:not(.elementor-drop-cap-view-default) .elementor-drop-cap-letter{width:1em;height:1em}.elementor-widget-text-editor .elementor-drop-cap{float:left;text-align:center;line-height:1;font-size:50px}.elementor-widget-text-editor .elementor-drop-cap-letter{display:inline-block}<\/style>\t\t\t\t<h4>INTRODUCCI\u00d3N<\/h4>\nLa web de GABINETE LAREU Y SEOANE SL utiliza cookies propias y de terceros. Una cookie es un fichero que se descarga en su ordenador al acceder a determinadas p\u00e1ginas web, entre otras finalidades, asegurar el correcto funcionamiento de la p\u00e1gina, permitir al Usuario un acceso m\u00e1s r\u00e1pido a los servicios seleccionados, almacenar y recuperar informaci\u00f3n sobre los h\u00e1bitos de navegaci\u00f3n de un usuario o de su equipo e incluso, dependiendo de la informaci\u00f3n que contengan y de la forma en que utilice su equipo, se pueden utilizar para reconocer al usuario. Las cookies se asocian \u00fanicamente a un usuario an\u00f3nimo y su ordenador o dispositivo y no proporcionan referencias que permitan conocer sus datos personales., salvo permiso expreso de aqu\u00e9l.\n\nEl usuario puede, en todo momento, aceptar o rechazar las cookies instaladas que no sean estrictamente ncesarias para el correcto funcionamiento de la web y el acceso al Usuario a sus servicios, a trav\u00e9s del panel de ajuste de cookies proporcionado en nuestra web. Asimismo podr\u00e1 configurar su navegador en todo momento sin que ello perjudique la posibilidad del Usuario de acceder a los contenidos. Sin embargo le informamos de que el rechazo de las cookies puede disminuir el buen funcionamiento de la web.\n\n<br>\n<br><a class=\"cky-banner-element cky-btn cky-btn-accept\" style=\"background-color:#212e38; color:white; padding:10px;border-radius:2px\" >Personalizar Cookies<\/a> <br>\n<br>\n<br>\n\n<span style=\"color: var(--global-palette4); font-family: 'Playfair Display', serif; font-size: 22px; font-weight: 600;\">COOKIES AFECTADAS PER LA NORMATIVA Y COOKIES EXENTAS<\/span>\n\nSeg\u00fan la directiva de la UE, las cookies que requieren el consentimiento informado por parte del usuario son las cookies de anal\u00edtica, las de publicidad y afiliaci\u00f3n, quedando exceptuadas las de car\u00e1cter t\u00e9cnico y las necesarias para el funcionamiento del sitio web o la prestaci\u00f3n de servicios expresamente demandados por el usuario.\n<h4>TIPOS DE COOKIES<\/h4>\nSeg\u00fan la entidad que las gestione, hay Cookies propias (aquellas que se env\u00edan al equipo terminal del usuario desde un equipo o dominio gestionado por el propio editor y desde el que se presta el servicio Solicitado por el usuario) y de terceros ((las que se env\u00edan al equipo terminal del usuario desde un equipo o dominio que no es gestionado por el editor, sino por otra entidad que trata los datos obtenidos mediante las galletas).\n\nSeg\u00fan el tiempo que permanecen activas, existen las de sesi\u00f3n (dise\u00f1adas para recabar y almacenar datos mientras el usuario accede a una p\u00e1gina web) y las persistentes (en las que los datos se almacenan en el terminal y pueden ser accedidos y tratados durante un periodo definido por el responsable de la cookie -puede ir de unos minutos a varios a\u00f1os-).\n\nSeg\u00fan la finalidad para la que traten la informaci\u00f3n que recopilan, pueden ser:\n\n<span style=\"color: var( --e-global-color-text ); font-family: var( --e-global-typography-text-font-family ), Sans-serif; font-weight: var( --e-global-typography-text-font-weight );\">Cookies t\u00e9cnicas (necesarias para el uso de la web y la prestaci\u00f3n del servicio contratado),<\/span>\n<span style=\"color: var( --e-global-color-text ); font-family: var( --e-global-typography-text-font-family ), Sans-serif; font-weight: var( --e-global-typography-text-font-weight );\">Cookies de personalizaci\u00f3n (que permiten al usuario acceder al servicio con caracter\u00edsticas predefinidas, como por ejemplo el idioma, tipo de navegador, configuraci\u00f3n regional, etc.)<\/span>\n<span style=\"color: var( --e-global-color-text ); font-family: var( --e-global-typography-text-font-family ), Sans-serif; font-weight: var( --e-global-typography-text-font-weight );\">Cookies de an\u00e1lisis (recogen informaci\u00f3n el uso que se realiza de la web),<\/span>\n<span style=\"color: var( --e-global-color-text ); font-family: var( --e-global-typography-text-font-family ), Sans-serif; font-weight: var( --e-global-typography-text-font-weight );\">Cookies publicitarias (recogen informaci\u00f3n sobre las preferencias y elecciones personales de los usuarios),<\/span>\n<span style=\"color: var( --e-global-color-text ); font-family: var( --e-global-typography-text-font-family ), Sans-serif; font-weight: var( --e-global-typography-text-font-weight );\">Cookies de afiliados (permiten realizar un seguimiento de las visitas procedentes de otras webs, con las que el sitio web establece un contrato de afiliaci\u00f3n).<\/span>\n<h4>TIPOS DE COOKIES UTILIZADAS POR ESTE SITIO WEB<\/h4>\n<h5>Google Analytics:<\/h5>\n<ul>\n \t<li>Proveedor: Google<\/li>\n \t<li>Cookies: _utma, _utmb, _utmc, _utmv, _utmz, _ga<\/li>\n \t<li>Tipo: Persistente<\/li>\n \t<li>Finalidad: Estas cookies recopilan informaci\u00f3n sobre c\u00f3mo utilizan nuestro sitio web los usuarios. Se utilizan para capturar de forma an\u00f3nima, n\u00famero de visitantes, su procedencia y qu\u00e9 p\u00e1ginas han visitado. La informaci\u00f3n obtenida se utiliza para mejorar nuestro sitio web y garantizar el mejor servicio posible. Para m\u00e1s informaci\u00f3n: <a href=\"https:\/\/policies.google.com\/?hl=es\">Google<\/a><\/li>\n<\/ul>\n<h5>Google Maps<\/h5>\n<ul>\n \t<li>Proveedor: Google<\/li>\n \t<li>Cookies: NID, SNID<\/li>\n \t<li>Tipo: Persistente<\/li>\n \t<li>Finalidad: Cookies t\u00e9cnicas y de personalizaci\u00f3n implementadas por Google Maps para el funcionamiento del servicio de mapas, registran el origen del usuario y las claves de acceso. Tambi\u00e9n se genera un prefijo \u00fanico para hacer recuento de cu\u00e1ntas veces visita un sitio un usuario.<\/li>\n<\/ul>\n<h5>Sesi\u00f3n<\/h5>\n<ul>\n \t<li>Cookies: Phpsessid<\/li>\n \t<li>Tipo: Cookie de sesi\u00f3n, es decir, expira al fin de la misma<\/li>\n \t<li>Finalidad: Controlar el mantenimiento de la sesi\u00f3n y verificar que el usuario ha accedido correctamente. Esta cookie es esencial para el funcionamiento de la web.<\/li>\n<\/ul>\n<h4>REVOCACI\u00d3N<\/h4>\nEn todo momento podr\u00e1 acceder a la configuraci\u00f3n de su navegador aceptando o rechazando todas las cookies, o bien seleccionar aqu\u00e9llas cuya instalaci\u00f3n admite y cu\u00e1les no, siguiendo uno de los siguientes procedimientos, que depende del navegador que utilice:\n<h5>Google Chrome (en el Men\u00fa Herramientas):<\/h5>\nConfiguraci\u00f3n &gt; Mostrar opciones avanzadas &gt; Privacidad (Configuraci\u00f3n de contenido) &gt; Cookies:\n<h5>Microsoft Internet Explorer (en el Men\u00fa Herramientas):<\/h5>\nOpciones de Internet &gt; Privacidad &gt; Avanzada: https:\/\/support.microsoft.com\/eses\/help\/17442\/windows-internet-explorer-delete-manage-cookies\n<h5>Firefox:<\/h5>\nOpciones &gt; Privacidad &gt; Cookies: https:\/\/support.mozilla.org\/es\/kb\/habilitar-y-deshabilitar-cookiessitios-web-rastrear-preferencias\n<h5>Safari, iPad y iPhone:<\/h5>\nPreferencias &gt; Privacidad: https:\/\/support.apple.com\/kb\/ph21411?locale=es_ES\n<h5>Opera:<\/h5>\nConfiguraci\u00f3n &gt; Opciones &gt; Avanzado &gt; Cookies: http:\/\/help.opera.com\/Windows\/12.00\/esES\/cookies.html\n\nEstos navegadores est\u00e1n sometidos a actualizaciones o modificaciones, por lo que no podemos garantizar que se ajusten completamente a la versi\u00f3n de su navegador. Tambi\u00e9n puede ser que utilice otro navegador no contemplado en estos enlaces como Konqueror, Arora, Flock, etc. Para evitar estos desajustes, puede acceder directamente desde las opciones de su navegador, generalmente en el men\u00fa de \u00abOpciones\u00bb en la secci\u00f3n de \u00abPrivacidad\u00bb. (Por favor, consulte la ayuda de su navegador para m\u00e1s informaci\u00f3n).\n<h4>DESACTIVACI\u00d3N\/ACTIVACI\u00d3N Y ELIMINACI\u00d3N DE COOKIES<\/h4>\nPara restringir o bloquear las cookies, se hace a trav\u00e9s de la configuraci\u00f3n del navegador. Si no desea que los sitios web pongan ninguna cookie en su equipo, puede adaptar la configuraci\u00f3n del navegador de modo que se le notifique antes de que se coloque ninguna cookie. De igual modo, puede adaptar la configuraci\u00f3n de forma que el navegador rechace todas las cookies, o \u00fanicamente las cookies de terceros. Tambi\u00e9n puede eliminar cualquiera de las cookies que ya se encuentren en el equipo. Tenga en cuenta que tendr\u00e1 que adaptar por separado la configuraci\u00f3n de cada navegador y equipo que utilice.\n\nTenga en cuenta que si no desea recibir cookies, ya no podremos garantizar que nuestro sitio web funcione debidamente. Puede que algunas funciones del sitio se pierdan y es posible que ya no pueda ver ciertos sitios web. Adem\u00e1s, rechazar las cookies no significa que ya no vaya a ver anuncios publicitarios. Simplemente los anuncios no se ajustar\u00e1n a sus intereses y se repetir\u00e1n con m\u00e1s frecuencia.\n\nCada navegador posee un m\u00e9todo distinto para adaptar la configuraci\u00f3n. Si fuera necesario, consulte la funci\u00f3n de ayuda del navegador para establecer la configuraci\u00f3n correcta. Para desactivar las cookies en el tel\u00e9fono m\u00f3vil, consulte el manual del dispositivo para obtener m\u00e1s informaci\u00f3n.\n\nPuede obtener m\u00e1s informaci\u00f3n sobre las cookies en Internet, <a href=\"http:\/\/www.aboutcookies.org\/\">www.aboutcookies.org<\/a>.\n\nTeniendo en cuenta la forma en la que funciona Internet y los sitios web, no siempre contamos con informaci\u00f3n de las cookies que colocan terceras partes a trav\u00e9s de nuestro sitio web. Esto se aplica especialmente a casos en los que nuestra p\u00e1gina web contiene lo que se denominan elementos integrados: textos, documentos, im\u00e1genes o breves pel\u00edculas que se almacenan en otra parte, pero se muestran en nuestro sitio web o a trav\u00e9s del mismo.\n\nPor consiguiente, en caso de que se encuentre con este tipo de cookies en este sitio web y no est\u00e9n enumeradas en la lista anterior, le rogamos que nos lo comunique. O bien p\u00f3ngase en contacto directamente con el tercero para pedirle informaci\u00f3n sobre las cookies que coloca, la finalidad y la duraci\u00f3n de la cookie, y c\u00f3mo ha garantizado su privacidad.\n<h4>INFORMACI\u00d3N RELACIONADA CON EL TRATAMIENTO DE DATOS PERSONALES (ART.13 RGPD)<\/h4>\n<h5>\u00bfQui\u00e9n es el responsable del tratamiento de sus datos personales?<\/h5>\nGABINETE LAREU Y SEOANE SLes el responsable del tratamiento de los datos personales que usted nos proporciona, sito en AVDA CASTELAO, 45 PT2 3\u00baC, 36209 VIGO, (Pontevedra) y con CIF B36590826 Tel\u00e9fono 986296878 y mail de contacto info@lareuyseoane.com.\nSi no desea que los sitios web pongan ninguna cookie en su equipo, puede adaptar la configuraci\u00f3n del navegador de modo que se le notifique antes de que se coloque ninguna cookie. De igual modo, puede adaptar la configuraci\u00f3n de forma que el navegador rechace todas las cookies, o \u00fanicamente las cookies de terceros. Tambi\u00e9n puede eliminar cualquiera de las cookies que ya se encuentren en el equipo. Tenga en cuenta que tendr\u00e1 que adaptar por separado la configuraci\u00f3n de cada navegador y equipo que utilice.\n<h5>\u00bfPara qu\u00e9 utilizamos sus datos personales?<\/h5>\nLa informaci\u00f3n recopilada a trav\u00e9s de las cookies propias (cookies de sesi\u00f3n y de entrada de usuario) se suelen utilizar para rastrear las acciones del usuario al rellenar los formularios en l\u00ednea en varias p\u00e1ginas, o como cesta de la compra para hacer el seguimiento de los art\u00edculos que el usuario ha seleccionado al pulsar un bot\u00f3n, o para personalizar la interface del usuario al visitar la p\u00e1gina web.\n\nLa informaci\u00f3n recopilada a trav\u00e9s de las cookies de terceros es la siguiente:\n<ul>\n \t<li>A trav\u00e9s de las cookies anal\u00edticas se analizan sus h\u00e1bitos de navegaci\u00f3n para mejorar los servicios prestados;<\/li>\n \t<li>A trav\u00e9s de las cookies comportamentales se recoge informaci\u00f3n sobre las preferencias del usuario para gestionar los espacios publicitarios de la forma m\u00e1s eficaz posible; y<\/li>\n \t<li>a trav\u00e9s de las cookies publicitarias se mide el rendimiento de los anuncios y se proporcionan recomendaciones relativas a productos basadas en datos estad\u00edsticos.<\/li>\n<\/ul>\nPara ver exactamente el uso de las cookies v\u00e9ase el cuadro sobre el uso de las cookies en esta web.\n<h5>\u00bfCu\u00e1l es la base legal para el tratamiento de sus datos personales?<\/h5>\nLa legitimaci\u00f3n para el tratamiento de sus datos personales viene dada por su consentimiento, otorgado en el momento de ponerse en contacto con nosotros, para la utilizaci\u00f3n de cookies anal\u00edticas, comportamentales y publicitarias; para las cookies de sesi\u00f3n o personalizaci\u00f3n, la legitimaci\u00f3n para el tratamiento viene dada por el inter\u00e9s leg\u00edtimo del prestador (responsable del tratamiento).\n<h5>\u00bfA qui\u00e9n comunicamos sus datos?<\/h5>\nNo se ceder\u00e1n ni comunicar\u00e1n datos a terceros, salvo por obligaci\u00f3n legal o a los terceros indicados en el caso de uso de cookies gestionadas por \u00e9stos.\n<h5>\u00bfCu\u00e1l es el plazo de conservaci\u00f3n de sus datos?<\/h5>\nEl plazo de conservaci\u00f3n de los datos recogidos es el indicado en el cuadro sobre el uso de las cookies en esta web.\n<h5>\u00bfCu\u00e1les son sus derechos?<\/h5>\nLos derechos que amparan al usuario son los de acceso, rectificaci\u00f3n, supresi\u00f3n, portabilidad de los mismos, retirada del consentimiento (sin que ello afecte a la licitud del tratamiento otorgado previamente a su retirada), oposici\u00f3n al tratamiento, limitaci\u00f3n (en determinadas circunstancias) y a presentar una reclamaci\u00f3n ante la autoridad de control (la Agencia Espa\u00f1ola de protecci\u00f3n de datos, <a href=\"https:\/\/www.aepd.es\">www.aepd.es<\/a>\t\t\t\t\t\t<\/div>\n\t\t\t\t<\/div>\n\t\t\t\t\t<\/div>\n\t\t<\/div>\n\t\t\t\t\t\t\t<\/div>\n\t\t<\/section>\n\t\t\t\t\t\t\t<\/div>","protected":false},"excerpt":{"rendered":"<p>Pol\u00edtica de Cookies INTRODUCCI\u00d3N La web de GABINETE LAREU Y SEOANE SL utiliza cookies propias y de terceros. Una cookie es un fichero que se descarga en su ordenador al acceder a determinadas p\u00e1ginas web, entre otras finalidades, asegurar el correcto funcionamiento de la p\u00e1gina, permitir al Usuario un acceso m\u00e1s r\u00e1pido a los servicios&#8230;<\/p>","protected":false},"author":1,"featured_media":0,"parent":0,"menu_order":0,"comment_status":"closed","ping_status":"closed","template":"essential-blocks-fullwidth-template.php","meta":{"_eb_attr":"","inline_featured_image":false,"editor_plus_copied_stylings":"{}","_kad_post_transparent":"default","_kad_post_title":"default","_kad_post_layout":"default","_kad_post_sidebar_id":"","_kad_post_content_style":"default","_kad_post_vertical_padding":"default","_kad_post_feature":"","_kad_post_feature_position":"","_kad_post_header":false,"_kad_post_footer":false,"footnotes":""},"class_list":["post-5669","page","type-page","status-publish","hentry"],"yoast_head":"<!-- This site is optimized with the Yoast SEO plugin v20.10 - https:\/\/yoast.com\/wordpress\/plugins\/seo\/ -->\n<title>Pol\u00edtica de Cookies - Gabinete Lareu &amp; Seoane<\/title>\n<meta name=\"description\" content=\"Gabinete Lareu &amp; Seoane, Gesti\u00f3n de Comunidades en Vigo y Pontevedra, Fiscal, laboral, contable, constituci\u00f3n de sociedades en Vigo, reclamaci\u00f3n de morosos\" \/>\n<meta name=\"robots\" content=\"index, follow, max-snippet:-1, max-image-preview:large, max-video-preview:-1\" \/>\n<link rel=\"canonical\" href=\"https:\/\/www.lareuyseoane.com\/gl\/politica-cookies\/\" \/>\n<meta property=\"og:locale\" content=\"gl_ES\" \/>\n<meta property=\"og:type\" content=\"article\" \/>\n<meta property=\"og:title\" content=\"Pol\u00edtica de Cookies - Gabinete Lareu &amp; Seoane\" \/>\n<meta property=\"og:description\" content=\"Gabinete Lareu &amp; Seoane, Gesti\u00f3n de Comunidades en Vigo y Pontevedra, Fiscal, laboral, contable, constituci\u00f3n de sociedades en Vigo, reclamaci\u00f3n de morosos\" \/>\n<meta property=\"og:url\" content=\"https:\/\/www.lareuyseoane.com\/gl\/politica-cookies\/\" \/>\n<meta property=\"og:site_name\" content=\"Gabinete Lareu &amp; Seoane\" \/>\n<meta property=\"article:modified_time\" content=\"2023-07-07T11:06:58+00:00\" \/>\n<meta name=\"twitter:card\" content=\"summary_large_image\" \/>\n<meta name=\"twitter:label1\" content=\"Tempo de lectura\" \/>\n\t<meta name=\"twitter:data1\" content=\"8 minutos\" \/>\n<script type=\"application\/ld+json\" class=\"yoast-schema-graph\">{\"@context\":\"https:\/\/schema.org\",\"@graph\":[{\"@type\":\"WebPage\",\"@id\":\"https:\/\/www.lareuyseoane.com\/politica-cookies\/\",\"url\":\"https:\/\/www.lareuyseoane.com\/politica-cookies\/\",\"name\":\"Pol\u00edtica de Cookies - Gabinete Lareu &amp; Seoane\",\"isPartOf\":{\"@id\":\"https:\/\/www.lareuyseoane.com\/#website\"},\"datePublished\":\"2023-06-04T20:01:17+00:00\",\"dateModified\":\"2023-07-07T11:06:58+00:00\",\"description\":\"Gabinete Lareu & Seoane, Gesti\u00f3n de Comunidades en Vigo y Pontevedra, Fiscal, laboral, contable, constituci\u00f3n de sociedades en Vigo, reclamaci\u00f3n de morosos\",\"breadcrumb\":{\"@id\":\"https:\/\/www.lareuyseoane.com\/politica-cookies\/#breadcrumb\"},\"inLanguage\":\"gl-ES\",\"potentialAction\":[{\"@type\":\"ReadAction\",\"target\":[\"https:\/\/www.lareuyseoane.com\/politica-cookies\/\"]}]},{\"@type\":\"BreadcrumbList\",\"@id\":\"https:\/\/www.lareuyseoane.com\/politica-cookies\/#breadcrumb\",\"itemListElement\":[{\"@type\":\"ListItem\",\"position\":1,\"name\":\"Portada\",\"item\":\"https:\/\/www.lareuyseoane.com\/\"},{\"@type\":\"ListItem\",\"position\":2,\"name\":\"Pol\u00edtica de Cookies\"}]},{\"@type\":\"WebSite\",\"@id\":\"https:\/\/www.lareuyseoane.com\/#website\",\"url\":\"https:\/\/www.lareuyseoane.com\/\",\"name\":\"Gabinete Lareu & Seoane - Asesor\u00eda, Empresas, Comunidades\",\"description\":\"Asesor\u00eda para empresas y comunidades en Vigo y Pontevedra, Fiscal, laboral, contable, constituci\u00f3n de sociedades en Vigo, reclamaci\u00f3n de morosos\",\"publisher\":{\"@id\":\"https:\/\/www.lareuyseoane.com\/#organization\"},\"alternateName\":\"Gabinete Lareu & Seoane\",\"potentialAction\":[{\"@type\":\"SearchAction\",\"target\":{\"@type\":\"EntryPoint\",\"urlTemplate\":\"https:\/\/www.lareuyseoane.com\/?s={search_term_string}\"},\"query-input\":\"required name=search_term_string\"}],\"inLanguage\":\"gl-ES\"},{\"@type\":\"Organization\",\"@id\":\"https:\/\/www.lareuyseoane.com\/#organization\",\"name\":\"Gabinete Lareu & Seoane\",\"url\":\"https:\/\/www.lareuyseoane.com\/\",\"logo\":{\"@type\":\"ImageObject\",\"inLanguage\":\"gl-ES\",\"@id\":\"https:\/\/www.lareuyseoane.com\/#\/schema\/logo\/image\/\",\"url\":\"https:\/\/www.lareuyseoane.com\/wp-content\/uploads\/2023\/05\/lareu-y-seoane-horizontal.svg\",\"contentUrl\":\"https:\/\/www.lareuyseoane.com\/wp-content\/uploads\/2023\/05\/lareu-y-seoane-horizontal.svg\",\"caption\":\"Gabinete Lareu & Seoane\"},\"image\":{\"@id\":\"https:\/\/www.lareuyseoane.com\/#\/schema\/logo\/image\/\"}}]}<\/script>\n<!-- \/ Yoast SEO plugin. -->","yoast_head_json":{"title":"Pol\u00edtica de Cookies - Gabinete Lareu &amp; Seoane","description":"Gabinete Lareu & Seoane, Gesti\u00f3n de Comunidades en Vigo y Pontevedra, Fiscal, laboral, contable, constituci\u00f3n de sociedades en Vigo, reclamaci\u00f3n de morosos","robots":{"index":"index","follow":"follow","max-snippet":"max-snippet:-1","max-image-preview":"max-image-preview:large","max-video-preview":"max-video-preview:-1"},"canonical":"https:\/\/www.lareuyseoane.com\/gl\/politica-cookies\/","og_locale":"gl_ES","og_type":"article","og_title":"Pol\u00edtica de Cookies - Gabinete Lareu &amp; Seoane","og_description":"Gabinete Lareu & Seoane, Gesti\u00f3n de Comunidades en Vigo y Pontevedra, Fiscal, laboral, contable, constituci\u00f3n de sociedades en Vigo, reclamaci\u00f3n de morosos","og_url":"https:\/\/www.lareuyseoane.com\/gl\/politica-cookies\/","og_site_name":"Gabinete Lareu &amp; Seoane","article_modified_time":"2023-07-07T11:06:58+00:00","twitter_card":"summary_large_image","twitter_misc":{"Tempo de lectura":"8 minutos"},"schema":{"@context":"https:\/\/schema.org","@graph":[{"@type":"WebPage","@id":"https:\/\/www.lareuyseoane.com\/politica-cookies\/","url":"https:\/\/www.lareuyseoane.com\/politica-cookies\/","name":"Pol\u00edtica de Cookies - Gabinete Lareu &amp; Seoane","isPartOf":{"@id":"https:\/\/www.lareuyseoane.com\/#website"},"datePublished":"2023-06-04T20:01:17+00:00","dateModified":"2023-07-07T11:06:58+00:00","description":"Gabinete Lareu & Seoane, Gesti\u00f3n de Comunidades en Vigo y Pontevedra, Fiscal, laboral, contable, constituci\u00f3n de sociedades en Vigo, reclamaci\u00f3n de morosos","breadcrumb":{"@id":"https:\/\/www.lareuyseoane.com\/politica-cookies\/#breadcrumb"},"inLanguage":"gl-ES","potentialAction":[{"@type":"ReadAction","target":["https:\/\/www.lareuyseoane.com\/politica-cookies\/"]}]},{"@type":"BreadcrumbList","@id":"https:\/\/www.lareuyseoane.com\/politica-cookies\/#breadcrumb","itemListElement":[{"@type":"ListItem","position":1,"name":"Portada","item":"https:\/\/www.lareuyseoane.com\/"},{"@type":"ListItem","position":2,"name":"Pol\u00edtica de Cookies"}]},{"@type":"WebSite","@id":"https:\/\/www.lareuyseoane.com\/#website","url":"https:\/\/www.lareuyseoane.com\/","name":"Gabinete Lareu & Seoane - Asesor\u00eda, Empresas, Comunidades","description":"Asesor\u00eda para empresas y comunidades en Vigo y Pontevedra, Fiscal, laboral, contable, constituci\u00f3n de sociedades en Vigo, reclamaci\u00f3n de morosos","publisher":{"@id":"https:\/\/www.lareuyseoane.com\/#organization"},"alternateName":"Gabinete Lareu & Seoane","potentialAction":[{"@type":"SearchAction","target":{"@type":"EntryPoint","urlTemplate":"https:\/\/www.lareuyseoane.com\/?s={search_term_string}"},"query-input":"required name=search_term_string"}],"inLanguage":"gl-ES"},{"@type":"Organization","@id":"https:\/\/www.lareuyseoane.com\/#organization","name":"Gabinete Lareu & Seoane","url":"https:\/\/www.lareuyseoane.com\/","logo":{"@type":"ImageObject","inLanguage":"gl-ES","@id":"https:\/\/www.lareuyseoane.com\/#\/schema\/logo\/image\/","url":"https:\/\/www.lareuyseoane.com\/wp-content\/uploads\/2023\/05\/lareu-y-seoane-horizontal.svg","contentUrl":"https:\/\/www.lareuyseoane.com\/wp-content\/uploads\/2023\/05\/lareu-y-seoane-horizontal.svg","caption":"Gabinete Lareu & Seoane"},"image":{"@id":"https:\/\/www.lareuyseoane.com\/#\/schema\/logo\/image\/"}}]}},"_links":{"self":[{"href":"https:\/\/www.lareuyseoane.com\/gl\/wp-json\/wp\/v2\/pages\/5669","targetHints":{"allow":["GET"]}}],"collection":[{"href":"https:\/\/www.lareuyseoane.com\/gl\/wp-json\/wp\/v2\/pages"}],"about":[{"href":"https:\/\/www.lareuyseoane.com\/gl\/wp-json\/wp\/v2\/types\/page"}],"author":[{"embeddable":true,"href":"https:\/\/www.lareuyseoane.com\/gl\/wp-json\/wp\/v2\/users\/1"}],"replies":[{"embeddable":true,"href":"https:\/\/www.lareuyseoane.com\/gl\/wp-json\/wp\/v2\/comments?post=5669"}],"version-history":[{"count":17,"href":"https:\/\/www.lareuyseoane.com\/gl\/wp-json\/wp\/v2\/pages\/5669\/revisions"}],"predecessor-version":[{"id":6421,"href":"https:\/\/www.lareuyseoane.com\/gl\/wp-json\/wp\/v2\/pages\/5669\/revisions\/6421"}],"wp:attachment":[{"href":"https:\/\/www.lareuyseoane.com\/gl\/wp-json\/wp\/v2\/media?parent=5669"}],"curies":[{"name":"wp","href":"https:\/\/api.w.org\/{rel}","templated":true}]}}